{"id":100458,"date":"2026-03-13T12:51:42","date_gmt":"2026-03-13T12:51:42","guid":{"rendered":"https:\/\/dent.hu\/?page_id=100458"},"modified":"2026-03-16T12:03:23","modified_gmt":"2026-03-16T12:03:23","slug":"datenschutzerklaerung","status":"publish","type":"page","link":"https:\/\/dent.hu\/de\/datenschutzerklaerung\/","title":{"rendered":"Datenschutzerkl\u00e4rung"},"content":{"rendered":"<div class=\"et_pb_section_0 et_pb_section et_section_regular et_block_section\">\n<div class=\"et_pb_row_0 et_pb_row et_block_row\">\n<div class=\"et_pb_column_0 et_pb_column et_pb_column_4_4 et-last-child et_block_column et_pb_css_mix_blend_mode_passthrough\">\n<div class=\"et_pb_text_0 et_pb_text et_pb_bg_layout_light et_animated et_pb_module et_block_module et_pb_text_align_center\"><div class=\"et_pb_text_inner\"><h1 class=\"entry-title main_title\">Datenschutzerkl\u00e4rung<\/h1>\n<\/div><\/div>\n<\/div>\n<\/div>\n<\/div>\n\n<div class=\"et_pb_section_1 et_pb_section et_section_regular et_block_section\">\n<div class=\"et_pb_row_1 et_pb_row et_flex_row\">\n<div class=\"et_pb_column_1 et_pb_column et-last-child et_flex_column et_pb_css_mix_blend_mode_passthrough et_flex_column_24_24 et_flex_column_24_24_tablet et_flex_column_24_24_phone\">\n<div class=\"et_pb_text_1 et_pb_text et_pb_bg_layout_light et_animated et_pb_module et_block_module\"><div class=\"et_pb_text_inner\"><p><strong>Datenschutzerkl\u00e4rung<\/strong><\/p>\n<p>Thermaldental Korl\u00e1tolt Felel\u0151ss\u00e9g\u0171 T\u00e1rsas\u00e1g 7815 Hark\u00e1ny, T\u00e1ncsics M. u. 26. STEUERNUMMER: 11564351-1-02 FIRMENREGISTERNUMMER: 02-09-066055 (im Folgenden: Datenverantwortlicher) verarbeitet im Rahmen des Betriebs der Website www.dent.hu (im Folgenden: Website) die Daten der Besucher der Website, der Nutzer der Website sowie der registrierten Nutzer, die die auf der Website verf\u00fcgbaren Dienstleistungen in Anspruch nehmen (im Folgenden gemeinsam: Betroffene).<\/p>\n<p>Im Zusammenhang mit der Datenverarbeitung informiert der Datenverantwortliche hiermit die Betroffenen \u00fcber die auf der Website von ihm verarbeiteten personenbezogenen Daten, \u00fcber die Grunds\u00e4tze und Praktiken der Verarbeitung personenbezogener Daten sowie \u00fcber die M\u00f6glichkeiten und Verfahren zur Aus\u00fcbung der Rechte der Betroffenen. Durch die Nutzung der Website akzeptiert der Betroffene die Bestimmungen dieser Datenschutzerkl\u00e4rung und stimmt der nachfolgend beschriebenen Datenverarbeitung zu.<\/p>\n<p><strong>1. Definitionen<\/strong><\/p>\n<ol>\n<li>Betroffene Person: jede bestimmte nat\u00fcrliche Person, die anhand personenbezogener Daten identifiziert ist oder \u2013 direkt oder indirekt \u2013 identifiziert werden kann;<\/li>\n<li>Personenbezogene Daten: Daten, die mit der betroffenen Person in Verbindung gebracht werden k\u00f6nnen \u2013 insbesondere Name, Identifikationsmerkmal sowie eine oder mehrere Angaben zu ihrer physischen, physiologischen, mentalen, wirtschaftlichen, kulturellen oder sozialen Identit\u00e4t \u2013, sowie aus den Daten ableitbare Schlussfolgerungen \u00fcber die betroffene Person;<\/li>\n<li>Einwilligung: die freiwillige und eindeutige Willenserkl\u00e4rung der betroffenen Person auf Grundlage angemessener Information, mit der sie unmissverst\u00e4ndlich ihre Zustimmung zur Verarbeitung der sie betreffenden personenbezogenen Daten \u2013 vollst\u00e4ndig oder f\u00fcr bestimmte Verarbeitungsvorg\u00e4nge \u2013 erteilt;<\/li>\n<li>Widerspruch: Erkl\u00e4rung der betroffenen Person, mit der sie die Verarbeitung ihrer personenbezogenen Daten beanstandet und die Einstellung der Verarbeitung bzw. die L\u00f6schung der verarbeiteten Daten verlangt;<\/li>\n<li>Datenverantwortlicher: die nat\u00fcrliche oder juristische Person bzw. Organisation ohne Rechtspers\u00f6nlichkeit, die allein oder gemeinsam mit anderen \u00fcber die Zwecke der Verarbeitung personenbezogener Daten entscheidet, Entscheidungen \u00fcber die Datenverarbeitung (einschlie\u00dflich der eingesetzten Mittel) trifft und diese durchf\u00fchrt oder durch einen von ihr beauftragten Auftragsverarbeiter durchf\u00fchren l\u00e4sst;<\/li>\n<li>Datenverarbeitung: unabh\u00e4ngig vom angewandten Verfahren jeder mit Daten durchgef\u00fchrte Vorgang oder die Gesamtheit der Vorg\u00e4nge, insbesondere das Erheben, Erfassen, Speichern, Ordnen, Aufbewahren, Ver\u00e4ndern, Verwenden, Abfragen, \u00dcbermitteln, Offenlegen, Abstimmen oder Verkn\u00fcpfen, Sperren, L\u00f6schen und Vernichten von Daten sowie die Verhinderung ihrer weiteren Verwendung;<\/li>\n<li>Datenverarbeitung (technisch): Durchf\u00fchrung technischer Aufgaben im Zusammenhang mit Datenverarbeitungsvorg\u00e4ngen, unabh\u00e4ngig von der verwendeten Methode und den eingesetzten Mitteln sowie vom Ort der Anwendung, sofern die technischen Aufgaben an den Daten selbst durchgef\u00fchrt werden;<\/li>\n<li>Auftragsverarbeiter: nat\u00fcrliche oder juristische Person oder Organisation ohne Rechtspers\u00f6nlichkeit, die auf Grundlage eines Vertrags mit dem Datenverantwortlichen \u2013 einschlie\u00dflich gesetzlich vorgeschriebener Vertragsabschl\u00fcsse \u2013 Daten verarbeitet;<\/li>\n<li>Daten\u00fcbermittlung: Zug\u00e4nglichmachen von Daten f\u00fcr eine bestimmte dritte Person;<\/li>\n<li>Offenlegung: Zug\u00e4nglichmachen von Daten f\u00fcr jedermann;<\/li>\n<li>Datenl\u00f6schung: Unkenntlichmachung von Daten in einer Weise, dass ihre Wiederherstellung nicht mehr m\u00f6glich ist;<\/li>\n<li>Datensperrung: Kennzeichnung von Daten mit einem Identifikationsmerkmal, um deren weitere Verarbeitung dauerhaft oder f\u00fcr eine bestimmte Zeit einzuschr\u00e4nken;<\/li>\n<li>Datenvernichtung: vollst\u00e4ndige physische Zerst\u00f6rung des Datentr\u00e4gers, der die Daten enth\u00e4lt;<\/li>\n<li>Dritte Person: nat\u00fcrliche oder juristische Person oder Organisation ohne Rechtspers\u00f6nlichkeit, die weder mit der betroffenen Person noch mit dem Datenverantwortlichen oder dem Auftragsverarbeiter identisch ist.<\/li>\n<\/ol>\n<p><strong>2. Zweck der Datenverarbeitung<\/strong><\/p>\n<p>Der Datenverantwortliche speichert und verarbeitet die vom Betroffenen bei der Registrierung bereitgestellten Daten ausschlie\u00dflich zweckgebunden, insbesondere zur Bereitstellung der auf der Website verf\u00fcgbaren Dienstleistungen, zur Kontaktaufnahme, zur Identifizierung des Nutzers sowie \u2013 sofern der Betroffene den Newsletter abonniert \u2013 zum Versand des Newsletters. Die automatisch erfassten Daten dienen statistischen Zwecken sowie der technischen Weiterentwicklung des IT-Systems. Die angegebenen personenbezogenen Daten werden vom Datenverantwortlichen nicht f\u00fcr andere als die oben genannten Zwecke verwendet.<\/p>\n<p>Die Weitergabe personenbezogener Daten an Dritte oder Beh\u00f6rden erfolgt \u2013 sofern gesetzlich nichts anderes zwingend vorgeschrieben ist \u2013 nur mit vorheriger ausdr\u00fccklicher Zustimmung des Betroffenen. M\u00f6chte der Datenverantwortliche die bereitgestellten Daten zu einem anderen als dem urspr\u00fcnglichen Zweck verwenden, informiert er den Betroffenen dar\u00fcber im Voraus und holt dessen ausdr\u00fcckliche Zustimmung ein bzw. erm\u00f6glicht ihm, die Verwendung zu untersagen.<\/p>\n<p><strong>3. Rechtsgrundlage der Datenverarbeitung<\/strong><\/p>\n<p>Die Datenverarbeitung durch den Datenverantwortlichen erfolgt gem\u00e4\u00df \u00a7 5 Abs. (1) Buchstabe a des Gesetzes CXII von 2011 \u00fcber das Recht auf informationelle Selbstbestimmung und Informationsfreiheit (Info.tv.) auf Grundlage der freiwilligen Einwilligung der betroffenen Person sowie gem\u00e4\u00df dem Gesetz CVIII von 2001 \u00fcber bestimmte Aspekte des elektronischen Handels und der Dienste der Informationsgesellschaft.<\/p>\n<p>Der Datenverantwortliche \u00fcberpr\u00fcft die von ihm erhaltenen personenbezogenen Daten nicht auf ihre Richtigkeit. F\u00fcr die Richtigkeit der angegebenen Daten ist ausschlie\u00dflich die Person verantwortlich, die sie bereitstellt. Mit der Angabe einer E-Mail-Adresse \u00fcbernimmt der Betroffene die Verantwortung daf\u00fcr, dass nur er selbst Dienste \u00fcber diese E-Mail-Adresse nutzt. Aufgrund dieser Verantwortung tr\u00e4gt ausschlie\u00dflich der Betroffene, der die E-Mail-Adresse angegeben hat, die Verantwortung f\u00fcr s\u00e4mtliche Aktivit\u00e4ten im Zusammenhang mit Anmeldungen \u00fcber diese E-Mail-Adresse.<\/p>\n<p><strong>4. Angaben zum Datenverantwortlichen<\/strong><\/p>\n<p>Thermaldental Korl\u00e1tolt Felel\u0151ss\u00e9g\u0171 T\u00e1rsas\u00e1g<br \/>\n7815 Hark\u00e1ny, T\u00e1ncsics M. u. 26.<br \/>\nSTEUERNUMMER: 11564351-1-02<br \/>\nFIRMENREGISTERNUMMER: 02-09-066055<\/p>\n<p><strong>5. Dauer der Datenverarbeitung<\/strong><\/p>\n<p>5.1 Registrierungsdaten<\/p>\n<p>Die Verarbeitung der bei der Registrierung verpflichtend angegebenen personenbezogenen Daten dauert so lange an, bis der Betroffene die L\u00f6schung seiner Registrierung beantragt. Die Registrierung kann jederzeit durch \u00dcbermittlung eines L\u00f6schungsantrags (per Post oder E-Mail) gel\u00f6scht werden. In diesem Fall betr\u00e4gt die Frist f\u00fcr die L\u00f6schung der Daten 5 Arbeitstage nach Eingang des Antrags.<\/p>\n<p>5.2 Dauer der Datenverarbeitung<\/p>\n<p>Der Datenverantwortliche verarbeitet die bei der Newsletter-Anmeldung angegebenen Daten, bis sich der Betroffene \u00fcber den \u201eAbmelden\u201c-Link im Newsletter oder per E-Mail bzw. Post von der Newsletterliste abmeldet. Andernfalls dauert die Datenverarbeitung 2 Jahre. Nach der Abmeldung erfasst der Datenverantwortliche den Antrag und versendet keine weiteren Nachrichten an den Betroffenen.<\/p>\n<p>5.3 Technische Daten<\/p>\n<p>Die protokollierten Daten werden vom System \u2013 mit Ausnahme des Datums des letzten Besuchs, das automatisch \u00fcberschrieben wird \u2013 f\u00fcr 2 Jahre ab dem Zeitpunkt der Protokollierung gespeichert.<\/p>\n<p>5.4 Daten aus dem elektronischen Kontaktformular<\/p>\n<p>Die Verarbeitung der beim Absenden des Kontaktformulars verpflichtend angegebenen personenbezogenen Daten dauert so lange an, bis der Betroffene deren L\u00f6schung beantragt. Die L\u00f6schung erfolgt innerhalb von 5 Arbeitstagen nach Eingang des Antrags.<\/p>\n<p><strong>6. Umfang der verarbeiteten personenbezogenen Daten<\/strong><\/p>\n<p>6.1 Pflichtangaben bei der Registrierung<\/p>\n<p>Name, Telefonnummer, E-Mail, Firmenname, Rechnungsadresse, Lieferadresse<\/p>\n<p>6.2 Newsletter<\/p>\n<p>Bei der Anmeldung zum Newsletter muss der Betroffene seine E-Mail-Adresse und seinen vollst\u00e4ndigen Namen angeben.<\/p>\n<p>6.3 Technische Daten<\/p>\n<p>Daten des Computers des Betroffenen, die w\u00e4hrend der Nutzung der Dienstleistung generiert und vom System automatisch erfasst werden, insbesondere Datum und Uhrzeit des Besuchs, IP-Adresse, Browsertyp sowie die Adresse der besuchten und der zuvor besuchten Webseite.<\/p>\n<p>Die automatisch erfassten Daten werden ohne gesonderte Erkl\u00e4rung oder Handlung des Betroffenen beim Ein- und Ausloggen protokolliert. Diese Daten werden \u2013 au\u00dfer in gesetzlich vorgeschriebenen F\u00e4llen \u2013 nicht mit anderen personenbezogenen Daten verkn\u00fcpft und sind nur f\u00fcr den Datenverantwortlichen zug\u00e4nglich.<\/p>\n<p>Der Datenverantwortliche kann Daten \u00fcber die Aktivit\u00e4ten der Betroffenen sammeln, die nicht mit den bei der Registrierung angegebenen Daten oder mit Daten aus anderen Webseiten oder Dienstleistungen verkn\u00fcpft werden.<\/p>\n<p>Der HTML-Code der Website kann Links enthalten, die von externen Servern stammen oder auf solche verweisen. Die Anbieter dieser Links k\u00f6nnen aufgrund der direkten Verbindung mit ihrem Server Nutzerdaten erfassen.<\/p>\n<p>Externe Server helfen bei der unabh\u00e4ngigen Messung und Analyse der Besucherstatistik der Website (Google Analytics). Informationen \u00fcber die Verarbeitung der Messdaten stellt der jeweilige Anbieter bereit. Erreichbarkeit: www.google.com\/analytics\/<\/p>\n<p>Wenn der Betroffene nicht m\u00f6chte, dass Google Analytics die oben genannten Daten erhebt, kann er ein entsprechendes Browser-Add-on installieren.<\/p>\n<p>6.4 Cookies<\/p>\n<p>Der Datenverantwortliche und externe Dienstleister platzieren kleine Datenpakete (Cookies) auf dem Computer des Betroffenen, um personalisierte Dienste bereitzustellen.<\/p>\n<p>Verwendete Cookies:<\/p>\n<p>\u2013 Sitzungs-Cookies (Session): werden nach dem Besuch automatisch gel\u00f6scht.<br \/>\n\u2013 Dauerhafte Cookies (Persistent): verbessern das Nutzererlebnis (z.B. Navigation).<br \/>\n\u2013 Cookies f\u00fcr passwortgesch\u00fctzte Sitzungen.<br \/>\n\u2013 Sicherheits-Cookies.<\/p>\n<p>Die meisten Browser bieten im Men\u00fc \u201eHilfe\u201c Informationen dar\u00fcber, wie Cookies deaktiviert oder verwaltet werden k\u00f6nnen.<\/p>\n<p>Die Website verwendet Google Adwords Remarketing-Codes, um Besucher sp\u00e4ter im Google Display-Netzwerk mit Werbung erneut anzusprechen.<\/p>\n<p>Weitere Informationen \u00fcber Cookies:<br \/>\nhttps:\/\/silktide.com\/tools\/cookie-consent\/docs\/<\/p>\n<p>Weitere Informationen \u00fcber Google Analytics:<br \/>\n<a href=\"https:\/\/www.google.hu\/intl\/hu\/analytics\/\">https:\/\/www.google.hu\/intl\/hu\/analytics\/<\/a><\/p>\n<p><strong>7. Personen mit Zugriff auf die Daten<\/strong><\/p>\n<p>Die Daten werden in erster Linie vom Datenverantwortlichen und seinen internen Mitarbeitern verarbeitet und nicht ver\u00f6ffentlicht oder an Dritte weitergegeben.<\/p>\n<p>Der Dienstleister kann Auftragsverarbeiter (z. B. Systembetreiber) einsetzen. F\u00fcr deren Datenverarbeitungspraxis \u00fcbernimmt der Dienstleister keine Verantwortung.<\/p>\n<p>ANGABEN ZUM AUFTRAGSVERARBEITER:<br \/>\nDerzeit gibt es keinen solchen Mitwirkenden.<\/p>\n<p>Hosting-Anbieter:<\/p>\n<p><strong>KTS Online Kft<\/strong><br \/>\nSteuernummer: 29152106-2-08.<br \/>\nFirmenregisternummer: 08-09-032885  <\/p>\n<p>SITZ: 9024 Gy\u0151r, Bart\u00f3k B\u00e9la utca 26\/B f\u00f6ldszint 2.<br \/>\nTELEFON: +36-20\/316-2431<br \/>\nE-MAIL: info@kts.hu<\/p>\n<p><strong>8. Rechte der Nutzer und Rechtsdurchsetzung<\/strong><\/p>\n<p>8.1 Recht auf Auskunft<br \/>\nDer Betroffene kann jederzeit Auskunft \u00fcber die vom Datenverantwortlichen verarbeiteten personenbezogenen Daten verlangen.<\/p>\n<p>8.2 Recht auf Berichtigung, L\u00f6schung und Sperrung<br \/>\nDer Betroffene kann die Berichtigung oder L\u00f6schung seiner Daten verlangen.<\/p>\n<p>8.3 Widerspruchsrecht<br \/>\nDer Betroffene kann der Verarbeitung seiner personenbezogenen Daten widersprechen.<\/p>\n<p>8.4 Rechtsdurchsetzung<br \/>\nDer Betroffene kann sich an die<br \/>\nNemzeti Adatv\u00e9delmi \u00e9s Inform\u00e1ci\u00f3szabads\u00e1g Hat\u00f3s\u00e1g (www.naih.hu)<br \/>\noder an ein Gericht wenden.<\/p>\n<p><strong>9. Verwendung von E-Mail-Adressen<\/strong><\/p>\n<p>Die E-Mail-Adressen werden ausschlie\u00dflich zur Identifizierung und zur Kommunikation im Zusammenhang mit der Nutzung der Dienstleistungen verwendet.<\/p>\n<p><strong>10. Datensicherheit<\/strong><\/p>\n<p>Der Datenverantwortliche verpflichtet sich, geeignete technische und organisatorische Ma\u00dfnahmen zu treffen, um die Sicherheit der Daten zu gew\u00e4hrleisten und unbefugten Zugriff, Ver\u00e4nderung oder Zerst\u00f6rung zu verhindern.<\/p>\n<p><strong>11. Sonstige Bestimmungen<\/strong><\/p>\n<p>Der Datenverantwortliche beh\u00e4lt sich das Recht vor, diese Datenschutzerkl\u00e4rung einseitig zu \u00e4ndern, wobei die Betroffenen vorab \u00fcber die Website informiert werden. Nach Inkrafttreten der \u00c4nderung gilt die weitere Nutzung der Website als Zustimmung zur ge\u00e4nderten Datenschutzerkl\u00e4rung.<\/p>\n<\/div><\/div>\n<\/div>\n<\/div>\n<\/div>\n\n<div class=\"et_pb_section_2 et_pb_section et_section_regular et_flex_section\"><div class=\"et_pb_row_2 et_pb_row et_flex_row\"><div class=\"et_pb_column_2 et_pb_column et_flex_column et_pb_css_mix_blend_mode_passthrough et_flex_column_12_24 et_flex_column_12_24_tablet et_flex_column_24_24_phone\"><div class=\"et_pb_blurb_0 et_pb_blurb et_pb_bg_layout_dark et_pb_text_align_center et_pb_blurb_position_top et_pb_module et_block_module\"><div class=\"et_pb_blurb_content\"><div class=\"et_pb_main_blurb_image\"><span class=\"et_pb_image_wrap\"><span class=\"et-pb-icon et-waypoint et_pb_animation_off et_pb_animation_off_tablet et_pb_animation_off_phone\">\ue090<\/span><\/span><\/div><div class=\"et_pb_blurb_container\"><h4 class=\"et_pb_module_header\">Telefonnummer<\/h4><div class=\"et_pb_blurb_description\"><p><a href=\"tel:06309941166\"><span>06309941166<\/span><\/a><\/p>\n<\/div><\/div><\/div><\/div><\/div><div class=\"et_pb_column_3 et_pb_column et_flex_column et_pb_css_mix_blend_mode_passthrough et_flex_column_12_24 et_flex_column_12_24_tablet et_flex_column_24_24_phone\"><div class=\"et_pb_blurb_1 et_pb_blurb et_pb_bg_layout_dark et_pb_text_align_center et_pb_blurb_position_top et_pb_module et_block_module\"><div class=\"et_pb_blurb_content\"><div class=\"et_pb_main_blurb_image\"><span class=\"et_pb_image_wrap\"><span class=\"et-pb-icon et-waypoint et_pb_animation_off et_pb_animation_off_tablet et_pb_animation_off_phone\">\ue01d<\/span><\/span><\/div><div class=\"et_pb_blurb_container\"><h4 class=\"et_pb_module_header\">Adresse<\/h4><div class=\"et_pb_blurb_description\"><p>Sopron, \u00c1gfalvi \u00fat 2\/a<\/p>\n<\/div><\/div><\/div><\/div><\/div><div class=\"et_pb_column_4 et_pb_column et-last-child et_flex_column et_pb_css_mix_blend_mode_passthrough et_flex_column_12_24 et_flex_column_12_24_tablet et_flex_column_24_24_phone\"><div class=\"et_pb_blurb_2 et_pb_blurb et_pb_bg_layout_dark et_pb_text_align_center et_pb_blurb_position_top et_pb_module et_block_module\"><div class=\"et_pb_blurb_content\"><div class=\"et_pb_main_blurb_image\"><span class=\"et_pb_image_wrap\"><span class=\"et-pb-icon et-waypoint et_pb_animation_off et_pb_animation_off_tablet et_pb_animation_off_phone\">\ue010<\/span><\/span><\/div><div class=\"et_pb_blurb_container\"><h4 class=\"et_pb_module_header\">Email<\/h4><div class=\"et_pb_blurb_description\"><p><a target=\"_blank\" href=\"mailto:info@dent.hu\" rel=\"noopener\">info@dent.hu<\/a><\/p>\n<\/div><\/div><\/div><\/div><\/div><\/div><\/div>\n\n<div class=\"et_pb_section_3 et_pb_section et_section_regular et_flex_section\"><div class=\"et_pb_row_3 et_pb_row et_flex_row\"><div class=\"et_pb_column_5 et_pb_column et-last-child et_flex_column et_pb_css_mix_blend_mode_passthrough et_flex_column_24_24 et_flex_column_24_24_tablet et_flex_column_24_24_phone\"><div class=\"et_pb_text_2 et_pb_text et_pb_bg_layout_light et_pb_module et_block_module\"><div class=\"et_pb_text_inner\"><h2>Bitte nehmen Sie Kontakt mit uns auf.<\/h2>\n<\/div><\/div><\/div><\/div><div class=\"et_pb_row_4 et_pb_row et_flex_row\"><div class=\"et_pb_column_6 et_pb_column et-last-child et_flex_column et_pb_css_mix_blend_mode_passthrough et_flex_column_24_24 et_flex_column_24_24_tablet et_flex_column_24_24_phone\"><div class=\"et_pb_row_5 et_pb_row et_pb_row_nested et_flex_row et_animated\"><div class=\"et_pb_column_7 et_pb_column et_flex_column et_pb_css_mix_blend_mode_passthrough et_flex_column_16_24 et_flex_column_16_24_tablet et_flex_column_24_24_phone\"><div class=\"et_pb_contact_form_0 et_pb_contact_form_container clearfix et_pb_recaptcha_enabled et_pb_module et_flex_module\" data-form_unique_num=\"0\" data-form_unique_id=\"6a626b2f-cba4-4876-9f14-5c9e900cbc3d\" id=\"et_pb_contact_form_0\"><div class=\"et-pb-contact-message\"><\/div><div class=\"et_pb_contact\"><form class=\"et_pb_contact_form et_flex_module\" method=\"post\" action=\"https:\/\/dent.hu\/de\/wp-json\/wp\/v2\/pages\/100458\"><div class=\"et_pb_contact_field_0 et_pb_contact_field et_pb_module et_flex_module et_flex_column_24_24 et_flex_column_24_24_tablet et_flex_column_24_24_phone\" data-id=\"name\" data-type=\"input\"><label class=\"et_pb_contact_form_label\" for=\"et_pb_contact_0_name_0\">Name<\/label><input type=\"text\" name=\"et_pb_contact_0_name_0\" id=\"et_pb_contact_0_name_0\" class=\"input\" data-required_mark=\"required\" data-field_type=\"input\" data-original_id=\"name\" placeholder=\"Name\" title=\"\" value=\"\" \/><\/div><div class=\"et_pb_contact_field_1 et_pb_contact_field et_pb_module et_flex_module et_flex_column_24_24 et_flex_column_24_24_tablet et_flex_column_24_24_phone\" data-id=\"phone\" data-type=\"input\"><label class=\"et_pb_contact_form_label\" for=\"et_pb_contact_0_phone_1\">Telefonnummer<\/label><input type=\"text\" name=\"et_pb_contact_0_phone_1\" id=\"et_pb_contact_0_phone_1\" class=\"input\" data-required_mark=\"required\" data-field_type=\"input\" data-original_id=\"phone\" placeholder=\"Telefonnummer\" title=\"\" value=\"\" \/><\/div><div class=\"et_pb_contact_field_2 et_pb_contact_field et_pb_module et_flex_module et_flex_column_24_24 et_flex_column_24_24_tablet et_flex_column_24_24_phone\" data-id=\"email\" data-type=\"email\"><label class=\"et_pb_contact_form_label\" for=\"et_pb_contact_0_email_2\">E-Mail Adresse<\/label><input type=\"text\" name=\"et_pb_contact_0_email_2\" id=\"et_pb_contact_0_email_2\" class=\"input\" data-required_mark=\"required\" data-field_type=\"email\" data-original_id=\"email\" placeholder=\"E-Mail Adresse\" title=\"\" value=\"\" \/><\/div><div class=\"et_pb_contact_field_3 et_pb_contact_field et_pb_module et_flex_module et_flex_column_24_24 et_flex_column_24_24_tablet et_flex_column_24_24_phone\" data-id=\"message\" data-type=\"text\"><label class=\"et_pb_contact_form_label\" for=\"et_pb_contact_0_message_3\">Nachricht<\/label><textarea name=\"et_pb_contact_0_message_3\" id=\"et_pb_contact_0_message_3\" class=\"et_pb_contact_message input\" data-required_mark=\"required\" data-field_type=\"text\" data-original_id=\"message\" placeholder=\"Nachricht\"><\/textarea><\/div><input type=\"hidden\" name=\"et_pb_contactform_submit_6a626b2f-cba4-4876-9f14-5c9e900cbc3d\" value=\"et_contact_proccess\" \/><div class=\"et_contact_bottom_container\"><div class=\"et_pb_button_wrapper\"><button type=\"submit\" name=\"et_builder_submit_button\" class=\"et_pb_button et_pb_contact_submit\">Senden<\/button><\/div><\/div><input type=\"hidden\" id=\"_wpnonce-et-pb-contact-form-submitted-6a626b2f-cba4-4876-9f14-5c9e900cbc3d\" name=\"_wpnonce-et-pb-contact-form-submitted-6a626b2f-cba4-4876-9f14-5c9e900cbc3d\" value=\"668ea97c62\" \/><input type=\"hidden\" name=\"_wp_http_referer\" value=\"\/de\/wp-json\/wp\/v2\/pages\/100458\" \/><\/form><\/div><\/div><\/div><div class=\"et_pb_column_8 et_pb_column et-last-child et_flex_column et_pb_css_mix_blend_mode_passthrough et_flex_column_8_24 et_flex_column_8_24_tablet et_flex_column_24_24_phone\"><div class=\"et_pb_blurb_3 et_pb_blurb et_pb_bg_layout_dark et_pb_blurb_position_left et_pb_module et_block_module\"><div class=\"et_pb_blurb_content\"><div class=\"et_pb_main_blurb_image\"><span class=\"et_pb_image_wrap\"><span class=\"et-pb-icon et-waypoint et_pb_animation_off et_pb_animation_off_tablet et_pb_animation_off_phone\">\uf073<\/span><\/span><\/div><div class=\"et_pb_blurb_container\"><h4 class=\"et_pb_module_header\">\u00d6ffnungszeiten:<\/h4><div class=\"et_pb_blurb_description\"><p>Montag: 9.00 - 18.00<br \/>Dienstag: 9.00 - 18.00<br \/>Mittwoch: 9.00 - 18.00<br \/>Donnerstag: 9.00 - 18.00<br \/>Freitag: 9.00 - 18.00<br \/>Samstag: nach Vereinbarung<\/p>\n<\/div><\/div><\/div><\/div><\/div><\/div><\/div><\/div><\/div>\n\n<!-- \/wp:divi\/row -->\n<!-- \/wp:divi\/global-layout --><!-- \/wp:divi\/placeholder -->","protected":false},"excerpt":{"rendered":"","protected":false},"author":1,"featured_media":0,"parent":0,"menu_order":0,"comment_status":"closed","ping_status":"closed","template":"","meta":{"_acf_changed":false,"footnotes":""},"class_list":["post-100458","page","type-page","status-publish","hentry"],"acf":[],"_links":{"self":[{"href":"https:\/\/dent.hu\/de\/wp-json\/wp\/v2\/pages\/100458","targetHints":{"allow":["GET"]}}],"collection":[{"href":"https:\/\/dent.hu\/de\/wp-json\/wp\/v2\/pages"}],"about":[{"href":"https:\/\/dent.hu\/de\/wp-json\/wp\/v2\/types\/page"}],"author":[{"embeddable":true,"href":"https:\/\/dent.hu\/de\/wp-json\/wp\/v2\/users\/1"}],"replies":[{"embeddable":true,"href":"https:\/\/dent.hu\/de\/wp-json\/wp\/v2\/comments?post=100458"}],"version-history":[{"count":7,"href":"https:\/\/dent.hu\/de\/wp-json\/wp\/v2\/pages\/100458\/revisions"}],"predecessor-version":[{"id":100489,"href":"https:\/\/dent.hu\/de\/wp-json\/wp\/v2\/pages\/100458\/revisions\/100489"}],"wp:attachment":[{"href":"https:\/\/dent.hu\/de\/wp-json\/wp\/v2\/media?parent=100458"}],"curies":[{"name":"wp","href":"https:\/\/api.w.org\/{rel}","templated":true}]}}