{"id":100506,"date":"2026-03-13T12:48:49","date_gmt":"2026-03-13T12:48:49","guid":{"rendered":"https:\/\/dent.hu\/impresszum\/"},"modified":"2026-03-16T12:21:57","modified_gmt":"2026-03-16T12:21:57","slug":"impressum","status":"publish","type":"page","link":"https:\/\/dent.hu\/de\/impressum\/","title":{"rendered":"Impressum"},"content":{"rendered":"<div class=\"et_pb_section_0 et_pb_section et_section_regular et_block_section\">\r\n<div class=\"et_pb_row_0 et_pb_row et_block_row\">\r\n<div class=\"et_pb_column_0 et_pb_column et_pb_column_4_4 et-last-child et_block_column et_pb_css_mix_blend_mode_passthrough\">\r\n<div class=\"et_pb_text_0 et_pb_text et_pb_bg_layout_light et_animated et_pb_module et_block_module et_pb_text_align_center\"><div class=\"et_pb_text_inner\"><h1>Impressum<\/h1>\n<\/div><\/div>\r\n<\/div>\r\n<\/div>\r\n<\/div>\r\n\r\n<div class=\"et_pb_section_1 et_pb_section et_section_regular et_block_section\">\r\n<div class=\"et_pb_row_1 et_pb_row et_flex_row\">\r\n<div class=\"et_pb_column_1 et_pb_column et-last-child et_flex_column et_pb_css_mix_blend_mode_passthrough et_flex_column_24_24 et_flex_column_24_24_tablet et_flex_column_24_24_phone\">\r\n<div class=\"et_pb_text_1 et_pb_text et_pb_bg_layout_light et_animated et_pb_module et_block_module\"><div class=\"et_pb_text_inner\"><p><strong>1) F\u00fcr den Inhalt der unter der von Ihnen aufgerufenen Internetadresse erreichbaren Website bzw. Social-Media-Seite \u2013 im Folgenden gemeinsam: Website \u2013 verantwortlicher Datenverantwortlicher sowie Inhaber der Domain und der Website:<\/strong><\/p>\n<p><strong>Thermaldental Korl\u00e1tolt Felel\u0151ss\u00e9g\u0171 T\u00e1rsas\u00e1g<\/strong><\/p>\n<p><span>7815 Hark\u00e1ny, T\u00e1ncsics M. u. 26.<br \/>\n<\/span><span>Steuernummer: 11564351-1-02<br \/>\n<\/span><\/p>\n<p>Eingetragen im Handelsregister des Gerichts P\u00e9cs.<\/p>\n<p><strong>2.) Die f\u00fcr die Datenverarbeitung zust\u00e4ndige Aufsichtsbeh\u00f6rde:<\/strong><\/p>\n<p><strong>Nemzeti Adatv\u00e9delmi \u00e9s Inform\u00e1ci\u00f3szabads\u00e1g Hat\u00f3s\u00e1g<\/strong><br \/>\nSitz: 1125 Budapest, Falk Miksa utca 9-11.<br \/>\nPostanschrift: 1363 Budapest, Pf. 9.<br \/>\nTelefon: +36 30 683 5969<br \/>\nFax: +36 1 391 1410<br \/>\nE-mail: ugyfelszolgalat@naih.hu<br \/>\nWebseite: http:\/\/www.naih.hu\/<\/p>\n<p><strong>3.) Hosting-Dienstleister:<\/strong><\/p>\n<p><strong>KTS Online Kft<\/strong><br \/>\nSteuernummer: 29152106-2-08.<br \/>\nFirmenregisternummer: 08-09-032885<br \/>\nEingetragen im Handelsregister des Gerichts Gy\u0151r.<br \/>\nStatistische Kennziffer: 29152106-6311-113-08.<br \/>\nEU-Steuernummer: HU29152106.<\/p>\n<p>SITZ 9024 Gy\u0151r, Bart\u00f3k B\u00e9la utca 26\/B f\u00f6ldszint 2.<br \/>\nTELEFON: +36-20\/316-2431<br \/>\nE-MAIL info@kts.hu<\/p>\n<p>SERVERRAUM: 1132 Budapest, Victor Hug\u00f3 utca 18-22.<\/p>\n<p><strong>4.) Wenn der Nutzer (Verbraucher) in der Europ\u00e4ischen Union lebt, kann er im Zusammenhang mit Beschwerden \u00fcber die Dienstleistung das folgende Online-Streitbeilegungsinstrument der Europ\u00e4ischen Kommission nutzen.<\/strong><\/p>\n<p><strong>Online-Streitbeilegungsplattform der Europ\u00e4ischen Kommission<\/strong><br \/>\nWebseite: <a href=\"https:\/\/webgate.ec.europa.eu\/odr\" target=\"_blank\" rel=\"noopener\">https:\/\/webgate.ec.europa.eu\/odr<\/a><\/p>\n<p>Diese internetbasierte Plattform wurde von der EU f\u00fcr Verbraucher eingerichtet, die Beschwerden \u00fcber online gekaufte Produkte oder Dienstleistungen einreichen m\u00f6chten und eine neutrale dritte Partei (Streitbeilegungsstelle) mit der Bearbeitung der Beschwerde beauftragen m\u00f6chten.<\/p>\n<p>Weitere Informationen \u00fcber die Online-Streitbeilegungsplattform und ihre Nutzung sowie \u00fcber die Verfahren der Streitbeilegung finden Sie auf der \u00fcber den oben genannten Link erreichbaren Website.<\/p>\n<\/div><\/div>\r\n<\/div>\r\n<\/div>\r\n<\/div>\r\n\r\n<div class=\"et_pb_section_2 et_pb_section et_section_regular et_flex_section\"><div class=\"et_pb_row_2 et_pb_row et_flex_row\"><div class=\"et_pb_column_2 et_pb_column et_flex_column et_pb_css_mix_blend_mode_passthrough et_flex_column_12_24 et_flex_column_12_24_tablet et_flex_column_24_24_phone\"><div class=\"et_pb_blurb_0 et_pb_blurb et_pb_bg_layout_dark et_pb_text_align_center et_pb_blurb_position_top et_pb_module et_block_module\"><div class=\"et_pb_blurb_content\"><div class=\"et_pb_main_blurb_image\"><span class=\"et_pb_image_wrap\"><span class=\"et-pb-icon et-waypoint et_pb_animation_off et_pb_animation_off_tablet et_pb_animation_off_phone\">\ue090<\/span><\/span><\/div><div class=\"et_pb_blurb_container\"><h4 class=\"et_pb_module_header\">Telefonnummer<\/h4><div class=\"et_pb_blurb_description\"><p><a href=\"tel:06309941166\"><span>06309941166<\/span><\/a><\/p>\n<\/div><\/div><\/div><\/div><\/div><div class=\"et_pb_column_3 et_pb_column et_flex_column et_pb_css_mix_blend_mode_passthrough et_flex_column_12_24 et_flex_column_12_24_tablet et_flex_column_24_24_phone\"><div class=\"et_pb_blurb_1 et_pb_blurb et_pb_bg_layout_dark et_pb_text_align_center et_pb_blurb_position_top et_pb_module et_block_module\"><div class=\"et_pb_blurb_content\"><div class=\"et_pb_main_blurb_image\"><span class=\"et_pb_image_wrap\"><span class=\"et-pb-icon et-waypoint et_pb_animation_off et_pb_animation_off_tablet et_pb_animation_off_phone\">\ue01d<\/span><\/span><\/div><div class=\"et_pb_blurb_container\"><h4 class=\"et_pb_module_header\">Adresse<\/h4><div class=\"et_pb_blurb_description\"><p>Sopron, \u00c1gfalvi \u00fat 2\/a<\/p>\n<\/div><\/div><\/div><\/div><\/div><div class=\"et_pb_column_4 et_pb_column et-last-child et_flex_column et_pb_css_mix_blend_mode_passthrough et_flex_column_12_24 et_flex_column_12_24_tablet et_flex_column_24_24_phone\"><div class=\"et_pb_blurb_2 et_pb_blurb et_pb_bg_layout_dark et_pb_text_align_center et_pb_blurb_position_top et_pb_module et_block_module\"><div class=\"et_pb_blurb_content\"><div class=\"et_pb_main_blurb_image\"><span class=\"et_pb_image_wrap\"><span class=\"et-pb-icon et-waypoint et_pb_animation_off et_pb_animation_off_tablet et_pb_animation_off_phone\">\ue010<\/span><\/span><\/div><div class=\"et_pb_blurb_container\"><h4 class=\"et_pb_module_header\">Email<\/h4><div class=\"et_pb_blurb_description\"><p><a target=\"_blank\" href=\"mailto:info@dent.hu\" rel=\"noopener\">info@dent.hu<\/a><\/p>\n<\/div><\/div><\/div><\/div><\/div><\/div><\/div>\r\n\r\n<div class=\"et_pb_section_3 et_pb_section et_section_regular et_flex_section\"><div class=\"et_pb_row_3 et_pb_row et_flex_row\"><div class=\"et_pb_column_5 et_pb_column et-last-child et_flex_column et_pb_css_mix_blend_mode_passthrough et_flex_column_24_24 et_flex_column_24_24_tablet et_flex_column_24_24_phone\"><div class=\"et_pb_text_2 et_pb_text et_pb_bg_layout_light et_pb_module et_block_module\"><div class=\"et_pb_text_inner\"><h2>Bitte nehmen Sie Kontakt mit uns auf.<\/h2>\n<\/div><\/div><\/div><\/div><div class=\"et_pb_row_4 et_pb_row et_flex_row\"><div class=\"et_pb_column_6 et_pb_column et-last-child et_flex_column et_pb_css_mix_blend_mode_passthrough et_flex_column_24_24 et_flex_column_24_24_tablet et_flex_column_24_24_phone\"><div class=\"et_pb_row_5 et_pb_row et_pb_row_nested et_flex_row et_animated\"><div class=\"et_pb_column_7 et_pb_column et_flex_column et_pb_css_mix_blend_mode_passthrough et_flex_column_16_24 et_flex_column_16_24_tablet et_flex_column_24_24_phone\"><div class=\"et_pb_contact_form_0 et_pb_contact_form_container clearfix et_pb_recaptcha_enabled et_pb_module et_flex_module\" data-form_unique_num=\"0\" data-form_unique_id=\"6a626b2f-cba4-4876-9f14-5c9e900cbc3d\" id=\"et_pb_contact_form_0\"><div class=\"et-pb-contact-message\"><\/div><div class=\"et_pb_contact\"><form class=\"et_pb_contact_form et_flex_module\" method=\"post\" action=\"https:\/\/dent.hu\/de\/wp-json\/wp\/v2\/pages\/100506\"><div class=\"et_pb_contact_field_0 et_pb_contact_field et_pb_module et_flex_module et_flex_column_24_24 et_flex_column_24_24_tablet et_flex_column_24_24_phone\" data-id=\"name\" data-type=\"input\"><label class=\"et_pb_contact_form_label\" for=\"et_pb_contact_0_name_0\">Name<\/label><input type=\"text\" name=\"et_pb_contact_0_name_0\" id=\"et_pb_contact_0_name_0\" class=\"input\" data-required_mark=\"required\" data-field_type=\"input\" data-original_id=\"name\" placeholder=\"Name\" title=\"\" value=\"\" \/><\/div><div class=\"et_pb_contact_field_1 et_pb_contact_field et_pb_module et_flex_module et_flex_column_24_24 et_flex_column_24_24_tablet et_flex_column_24_24_phone\" data-id=\"phone\" data-type=\"input\"><label class=\"et_pb_contact_form_label\" for=\"et_pb_contact_0_phone_1\">Telefonnummer<\/label><input type=\"text\" name=\"et_pb_contact_0_phone_1\" id=\"et_pb_contact_0_phone_1\" class=\"input\" data-required_mark=\"required\" data-field_type=\"input\" data-original_id=\"phone\" placeholder=\"Telefonnummer\" title=\"\" value=\"\" \/><\/div><div class=\"et_pb_contact_field_2 et_pb_contact_field et_pb_module et_flex_module et_flex_column_24_24 et_flex_column_24_24_tablet et_flex_column_24_24_phone\" data-id=\"email\" data-type=\"email\"><label class=\"et_pb_contact_form_label\" for=\"et_pb_contact_0_email_2\">E-Mail Adresse<\/label><input type=\"text\" name=\"et_pb_contact_0_email_2\" id=\"et_pb_contact_0_email_2\" class=\"input\" data-required_mark=\"required\" data-field_type=\"email\" data-original_id=\"email\" placeholder=\"E-Mail Adresse\" title=\"\" value=\"\" \/><\/div><div class=\"et_pb_contact_field_3 et_pb_contact_field et_pb_module et_flex_module et_flex_column_24_24 et_flex_column_24_24_tablet et_flex_column_24_24_phone\" data-id=\"message\" data-type=\"text\"><label class=\"et_pb_contact_form_label\" for=\"et_pb_contact_0_message_3\">Nachricht<\/label><textarea name=\"et_pb_contact_0_message_3\" id=\"et_pb_contact_0_message_3\" class=\"et_pb_contact_message input\" data-required_mark=\"required\" data-field_type=\"text\" data-original_id=\"message\" placeholder=\"Nachricht\"><\/textarea><\/div><input type=\"hidden\" name=\"et_pb_contactform_submit_6a626b2f-cba4-4876-9f14-5c9e900cbc3d\" value=\"et_contact_proccess\" \/><div class=\"et_contact_bottom_container\"><div class=\"et_pb_button_wrapper\"><button type=\"submit\" name=\"et_builder_submit_button\" class=\"et_pb_button et_pb_contact_submit\">Senden<\/button><\/div><\/div><input type=\"hidden\" id=\"_wpnonce-et-pb-contact-form-submitted-6a626b2f-cba4-4876-9f14-5c9e900cbc3d\" name=\"_wpnonce-et-pb-contact-form-submitted-6a626b2f-cba4-4876-9f14-5c9e900cbc3d\" value=\"51943834e0\" \/><input type=\"hidden\" name=\"_wp_http_referer\" value=\"\/de\/wp-json\/wp\/v2\/pages\/100506\" \/><\/form><\/div><\/div><\/div><div class=\"et_pb_column_8 et_pb_column et-last-child et_flex_column et_pb_css_mix_blend_mode_passthrough et_flex_column_8_24 et_flex_column_8_24_tablet et_flex_column_24_24_phone\"><div class=\"et_pb_blurb_3 et_pb_blurb et_pb_bg_layout_dark et_pb_blurb_position_left et_pb_module et_block_module\"><div class=\"et_pb_blurb_content\"><div class=\"et_pb_main_blurb_image\"><span class=\"et_pb_image_wrap\"><span class=\"et-pb-icon et-waypoint et_pb_animation_off et_pb_animation_off_tablet et_pb_animation_off_phone\">\uf073<\/span><\/span><\/div><div class=\"et_pb_blurb_container\"><h4 class=\"et_pb_module_header\">\u00d6ffnungszeiten:<\/h4><div class=\"et_pb_blurb_description\"><p>Montag: 9.00 - 18.00<br \/>Dienstag: 9.00 - 18.00<br \/>Mittwoch: 9.00 - 18.00<br \/>Donnerstag: 9.00 - 18.00<br \/>Freitag: 9.00 - 18.00<br \/>Samstag: nach Vereinbarung<\/p>\n<\/div><\/div><\/div><\/div><\/div><\/div><\/div><\/div><\/div>","protected":false},"excerpt":{"rendered":"","protected":false},"author":1,"featured_media":0,"parent":0,"menu_order":0,"comment_status":"closed","ping_status":"closed","template":"","meta":{"_acf_changed":false,"footnotes":""},"class_list":["post-100506","page","type-page","status-publish","hentry"],"acf":[],"_links":{"self":[{"href":"https:\/\/dent.hu\/de\/wp-json\/wp\/v2\/pages\/100506","targetHints":{"allow":["GET"]}}],"collection":[{"href":"https:\/\/dent.hu\/de\/wp-json\/wp\/v2\/pages"}],"about":[{"href":"https:\/\/dent.hu\/de\/wp-json\/wp\/v2\/types\/page"}],"author":[{"embeddable":true,"href":"https:\/\/dent.hu\/de\/wp-json\/wp\/v2\/users\/1"}],"replies":[{"embeddable":true,"href":"https:\/\/dent.hu\/de\/wp-json\/wp\/v2\/comments?post=100506"}],"version-history":[{"count":3,"href":"https:\/\/dent.hu\/de\/wp-json\/wp\/v2\/pages\/100506\/revisions"}],"predecessor-version":[{"id":100509,"href":"https:\/\/dent.hu\/de\/wp-json\/wp\/v2\/pages\/100506\/revisions\/100509"}],"wp:attachment":[{"href":"https:\/\/dent.hu\/de\/wp-json\/wp\/v2\/media?parent=100506"}],"curies":[{"name":"wp","href":"https:\/\/api.w.org\/{rel}","templated":true}]}}