{"id":100523,"date":"2026-03-12T18:11:41","date_gmt":"2026-03-12T18:11:41","guid":{"rendered":"https:\/\/dent.hu\/szolgaltatasok\/"},"modified":"2026-03-16T13:10:31","modified_gmt":"2026-03-16T13:10:31","slug":"dienstleistungen","status":"publish","type":"page","link":"https:\/\/dent.hu\/de\/dienstleistungen\/","title":{"rendered":"Dienstleistungen"},"content":{"rendered":"<div class=\"et_pb_section_0 et_pb_section et_section_regular et_block_section\">\r\n<div class=\"et_pb_row_0 et_pb_row et_block_row\">\r\n<div class=\"et_pb_column_0 et_pb_column et_pb_column_4_4 et-last-child et_block_column et_pb_css_mix_blend_mode_passthrough\">\r\n<div class=\"et_pb_text_0 et_pb_text et_pb_bg_layout_light et_animated et_pb_module et_block_module et_pb_text_align_center\"><div class=\"et_pb_text_inner\"><h1>Szolg\u00e1ltat\u00e1sok<\/h1>\n<h2>Ismerje meg szolg\u00e1ltat\u00e1sainkat!<\/h2>\n<\/div><\/div>\r\n<\/div>\r\n<\/div>\r\n<\/div>\r\n\r\n<div class=\"et_pb_section_1 et_pb_section et_section_regular et_block_section\">\r\n<div class=\"et_pb_row_1 et_pb_row et_block_row\" id=\"digitale-3d-diagnostik-und-planung\">\r\n<div class=\"et_pb_column_1 et_pb_column et_pb_column_4_4 et-last-child et_block_column et_pb_css_mix_blend_mode_passthrough\">\r\n<div class=\"et_pb_row_2 et_pb_row et_pb_row_nested et_flex_row\">\r\n<div class=\"et_pb_column_2 et_pb_column et_flex_column et_pb_css_mix_blend_mode_passthrough et_flex_column_6_24 et_flex_column_6_24_tablet et_flex_column_24_24_phone\">\r\n<div class=\"et_pb_image_0 et_pb_image et_pb_image_sticky_tablet et_pb_module et_flex_module\"><span class=\"et_pb_image_wrap\"><img loading=\"lazy\" decoding=\"async\" src=\"https:\/\/dent.hu\/wp-content\/uploads\/2026\/03\/dent_diagnosztika.png\" title=\"dent_diagnosztika\" width=\"797\" height=\"797\" srcset=\"https:\/\/dent.hu\/wp-content\/uploads\/2026\/03\/dent_diagnosztika.png 797w, https:\/\/dent.hu\/wp-content\/uploads\/2026\/03\/dent_diagnosztika-480x480.png 480w\" sizes=\"(min-width: 0px) and (max-width: 480px) 480px, (min-width: 481px) 797px, 100vw\" class=\"wp-image-100354\" \/><\/span><\/div>\r\n<\/div>\r\n\r\n<div class=\"et_pb_column_3 et_pb_column et-last-child et_flex_column et_pb_css_mix_blend_mode_passthrough et_flex_column_18_24 et_flex_column_18_24_tablet et_flex_column_24_24_phone\">\r\n<div class=\"et_pb_text_1 et_pb_text et_pb_bg_layout_light et_pb_module et_block_module\"><div class=\"et_pb_text_inner\"><h2>Digitale 3D Diagnostik, 3D Planung, Pr\u00e4vention<br \/>\n<\/h2>\n<p style=\"text-align: justify;\">Eine Behandlung darf erst nach Aufstellung einer pr\u00e4zisen und umfangreichen Diagnose begonnen werden.<\/p>\n<ul>\n<li>Digitales 3D CBCT R\u00f6ntgen und Diagnostik<\/li>\n<li>Digitale OP und intraorale R\u00f6ntgenaufnahmen<\/li>\n<li>3D Implantatplanung<\/li>\n<li>Orale Untersuchungen, Krebsvorsorgeuntersuchungen<\/li>\n<li>Fachberatung, Konsultation, Aufstellung eines Behandlungsplans<\/li>\n<li>Zahn\u00e4rztliche Kontrolluntersuchungen<\/li>\n<li>Zahnreinigung, Zahnsteinentfernung, Polieren mit professionellen Verfahren<\/li>\n<li>Zahnfleisch- und Paradontaltaschen-reinigung<\/li>\n<li>Mundhygiene-Beratung bez\u00fcglich Reinigung der Zahnimplantate<\/li>\n<\/ul>\n<\/div><\/div>\r\n<\/div>\r\n<\/div>\r\n<\/div>\r\n<\/div>\r\n\r\n<div class=\"et_pb_row_3 et_pb_row et_block_row\" id=\"konservierende-und-erhaltende-zahnbehandlungen\">\r\n<div class=\"et_pb_column_4 et_pb_column et_pb_column_4_4 et-last-child et_block_column et_pb_css_mix_blend_mode_passthrough\">\r\n<div class=\"et_pb_row_4 et_pb_row et_pb_row_nested et_flex_row\">\r\n<div class=\"et_pb_column_5 et_pb_column et_flex_column et_pb_css_mix_blend_mode_passthrough et_flex_column_6_24 et_flex_column_6_24_tablet et_flex_column_24_24_phone\">\r\n<div class=\"et_pb_image_1 et_pb_image et_pb_image_sticky_tablet et_pb_module et_flex_module\"><span class=\"et_pb_image_wrap\"><img loading=\"lazy\" decoding=\"async\" src=\"https:\/\/dent.hu\/wp-content\/uploads\/2026\/03\/dent_allapotmegorzo.png\" title=\"dent_allapotmegorzo\" width=\"807\" height=\"807\" srcset=\"https:\/\/dent.hu\/wp-content\/uploads\/2026\/03\/dent_allapotmegorzo.png 807w, https:\/\/dent.hu\/wp-content\/uploads\/2026\/03\/dent_allapotmegorzo-480x480.png 480w\" sizes=\"(min-width: 0px) and (max-width: 480px) 480px, (min-width: 481px) 807px, 100vw\" class=\"wp-image-100356\" \/><\/span><\/div>\r\n<\/div>\r\n\r\n<div class=\"et_pb_column_6 et_pb_column et-last-child et_flex_column et_pb_css_mix_blend_mode_passthrough et_flex_column_18_24 et_flex_column_18_24_tablet et_flex_column_24_24_phone\">\r\n<div class=\"et_pb_text_2 et_pb_text et_pb_bg_layout_light et_pb_module et_block_module\"><div class=\"et_pb_text_inner\"><h2>Konservierende und erhaltende Zahnbehandlungen<br \/>\n<\/h2>\n<p style=\"text-align: justify;\">In unserer Zahnarztpraxis k\u00f6nnen wir nicht genug betonen, wie wichtig es ist, beginnende Prozesse rechtzeitig zu erkennen und zu behandeln.<\/p>\n<ul>\n<li>\u00c4sthetische Zahnf\u00fcllungen<\/li>\n<li>Zahnf\u00fcllungen, die vom Zahntechniker gemacht werden (Inlays, Onlays, Overlays) <\/li>\n<li>High-endo-Wurzelbehandlung<\/li>\n<li>Stumpfaufbau mit Wurzelstift\n<\/li>\n<\/ul>\n<\/div><\/div>\r\n<\/div>\r\n<\/div>\r\n<\/div>\r\n<\/div>\r\n\r\n<div class=\"et_pb_row_5 et_pb_row et_block_row\" id=\"zahnersatz\">\r\n<div class=\"et_pb_column_7 et_pb_column et_pb_column_4_4 et-last-child et_block_column et_pb_css_mix_blend_mode_passthrough\">\r\n<div class=\"et_pb_row_6 et_pb_row et_pb_row_nested et_flex_row\">\r\n<div class=\"et_pb_column_8 et_pb_column et_flex_column et_pb_css_mix_blend_mode_passthrough et_flex_column_6_24 et_flex_column_6_24_tablet et_flex_column_24_24_phone\">\r\n<div class=\"et_pb_image_2 et_pb_image et_pb_image_sticky_tablet et_pb_module et_flex_module\"><span class=\"et_pb_image_wrap\"><img loading=\"lazy\" decoding=\"async\" src=\"https:\/\/dent.hu\/wp-content\/uploads\/2026\/03\/dent_fogpotlo.png\" title=\"dent_fogpotlo\" width=\"839\" height=\"839\" srcset=\"https:\/\/dent.hu\/wp-content\/uploads\/2026\/03\/dent_fogpotlo.png 839w, https:\/\/dent.hu\/wp-content\/uploads\/2026\/03\/dent_fogpotlo-480x480.png 480w\" sizes=\"(min-width: 0px) and (max-width: 480px) 480px, (min-width: 481px) 839px, 100vw\" class=\"wp-image-100357\" \/><\/span><\/div>\r\n<\/div>\r\n\r\n<div class=\"et_pb_column_9 et_pb_column et-last-child et_flex_column et_pb_css_mix_blend_mode_passthrough et_flex_column_18_24 et_flex_column_18_24_tablet et_flex_column_24_24_phone\">\r\n<div class=\"et_pb_text_3 et_pb_text et_pb_bg_layout_light et_pb_module et_block_module\"><div class=\"et_pb_text_inner\"><h2>Zahnersatz<\/h2>\n<p style=\"text-align: justify;\">Unser Ziel ist, dass die Patienten durch unsere professionelle Arbeit wieder kr\u00e4ftig zubei\u00dfen und unbeschwert l\u00e4cheln k\u00f6nnen.<\/p>\n<ul>\n<li>Metallfreie Zirkonkeramik-Kronen<\/li>\n<li>Auf Implantaten befestigte Zahners\u00e4tze<\/li>\n<li>Metallkeramikkronen<\/li>\n<li>Keramikschalen<\/li>\n<li>Zahners\u00e4tze mit versteckter Verankerung (mit Teleskop,, Steg und Geschiebe)<\/li>\n<li>Vollprothesen<\/li>\n<\/ul>\n<\/div><\/div>\r\n<\/div>\r\n<\/div>\r\n<\/div>\r\n<\/div>\r\n\r\n<div class=\"et_pb_row_7 et_pb_row et_block_row\" id=\"kieferchirurgische-behandlungen\">\r\n<div class=\"et_pb_column_10 et_pb_column et_pb_column_4_4 et-last-child et_block_column et_pb_css_mix_blend_mode_passthrough\">\r\n<div class=\"et_pb_row_8 et_pb_row et_pb_row_nested et_flex_row\">\r\n<div class=\"et_pb_column_11 et_pb_column et_flex_column et_pb_css_mix_blend_mode_passthrough et_flex_column_6_24 et_flex_column_6_24_tablet et_flex_column_24_24_phone\">\r\n<div class=\"et_pb_image_3 et_pb_image et_pb_image_sticky_tablet et_pb_module et_flex_module\"><span class=\"et_pb_image_wrap\"><img loading=\"lazy\" decoding=\"async\" src=\"https:\/\/dent.hu\/wp-content\/uploads\/2026\/03\/dent_sebeszeti_kezelesek.png\" title=\"dent_sebeszeti_kezelesek\" width=\"400\" height=\"400\" srcset=\"https:\/\/dent.hu\/wp-content\/uploads\/2026\/03\/dent_sebeszeti_kezelesek.png 400w, https:\/\/dent.hu\/wp-content\/uploads\/2026\/03\/dent_sebeszeti_kezelesek-300x300.png 300w, https:\/\/dent.hu\/wp-content\/uploads\/2026\/03\/dent_sebeszeti_kezelesek-150x150.png 150w\" sizes=\"(max-width: 400px) 100vw, 400px\" class=\"wp-image-100311\" \/><\/span><\/div>\r\n<\/div>\r\n\r\n<div class=\"et_pb_column_12 et_pb_column et-last-child et_flex_column et_pb_css_mix_blend_mode_passthrough et_flex_column_18_24 et_flex_column_18_24_tablet et_flex_column_24_24_phone\">\r\n<div class=\"et_pb_text_4 et_pb_text et_pb_bg_layout_light et_pb_module et_block_module\"><div class=\"et_pb_text_inner\" data-et-mv-hidden-tablet=\"true\" data-et-mv-hidden-phone=\"true\"><h2>Kieferchirurgische Behandlungen<\/h2>\n<p>Um ein ideales Ergebnis zu erreichen, ist es manchmal notwendig, neben kieferchirurgischen Eingriffen auch Implantate einzusetzen.<\/p>\n<ul>\n<li>Zahnimplantate, bei Bedarf Knochenaufbau\n<\/li>\n<li>Entfernen von Z\u00e4hnen und Wurzeln\n<\/li>\n<li>Wurzelspitzenresektion<\/li>\n<li>Hemisektion von mehrwurzligen Z\u00e4hnen\n<\/li>\n<li>Weisheitszahnentfernung<\/li>\n<\/ul>\n<\/div><\/div>\r\n<\/div>\r\n<\/div>\r\n<\/div>\r\n<\/div>\r\n\r\n<div class=\"et_pb_row_9 et_pb_row et_block_row\" id=\"aesthetische-behandlungen\">\r\n<div class=\"et_pb_column_13 et_pb_column et_pb_column_4_4 et-last-child et_block_column et_pb_css_mix_blend_mode_passthrough\">\r\n<div class=\"et_pb_row_10 et_pb_row et_pb_row_nested et_flex_row\">\r\n<div class=\"et_pb_column_14 et_pb_column et_flex_column et_pb_css_mix_blend_mode_passthrough et_flex_column_6_24 et_flex_column_6_24_tablet et_flex_column_24_24_phone\">\r\n<div class=\"et_pb_image_4 et_pb_image et_pb_image_sticky_tablet et_pb_module et_flex_module\"><span class=\"et_pb_image_wrap\"><img loading=\"lazy\" decoding=\"async\" src=\"https:\/\/dent.hu\/wp-content\/uploads\/2026\/03\/dent_esztetikai.png\" title=\"dent_esztetikai\" width=\"860\" height=\"860\" srcset=\"https:\/\/dent.hu\/wp-content\/uploads\/2026\/03\/dent_esztetikai.png 860w, https:\/\/dent.hu\/wp-content\/uploads\/2026\/03\/dent_esztetikai-480x480.png 480w\" sizes=\"(min-width: 0px) and (max-width: 480px) 480px, (min-width: 481px) 860px, 100vw\" class=\"wp-image-100358\" \/><\/span><\/div>\r\n<\/div>\r\n\r\n<div class=\"et_pb_column_15 et_pb_column et-last-child et_flex_column et_pb_css_mix_blend_mode_passthrough et_flex_column_18_24 et_flex_column_18_24_tablet et_flex_column_24_24_phone\">\r\n<div class=\"et_pb_text_5 et_pb_text et_pb_bg_layout_light et_pb_module et_block_module\"><div class=\"et_pb_text_inner\"><h2>\u00c4sthetische Behandlungen<\/h2>\n<p style=\"text-align: justify;\">Wir wissen, dass Zahnheilkunde nicht nur das Ersetzen von Z\u00e4hnen bedeutet.<\/p>\n<ul>\n<li>Zahnbleaching<\/li>\n<li>Zahnl\u00fccken schlie\u00dfen<\/li>\n<li>Zahnschmuck aufkleben<\/li>\n<\/ul>\n<\/div><\/div>\r\n<\/div>\r\n<\/div>\r\n<\/div>\r\n<\/div>\r\n<\/div>\r\n\r\n<div class=\"et_pb_section_2 et_pb_section et_section_regular et_flex_section\"><div class=\"et_pb_row_11 et_pb_row et_flex_row\"><div class=\"et_pb_column_16 et_pb_column et_flex_column et_pb_css_mix_blend_mode_passthrough et_flex_column_12_24 et_flex_column_12_24_tablet et_flex_column_24_24_phone\"><div class=\"et_pb_blurb_0 et_pb_blurb et_pb_bg_layout_dark et_pb_text_align_center et_pb_blurb_position_top et_pb_module et_block_module\"><div class=\"et_pb_blurb_content\"><div class=\"et_pb_main_blurb_image\"><span class=\"et_pb_image_wrap\"><span class=\"et-pb-icon et-waypoint et_pb_animation_off et_pb_animation_off_tablet et_pb_animation_off_phone\">\ue090<\/span><\/span><\/div><div class=\"et_pb_blurb_container\"><h4 class=\"et_pb_module_header\">Telefonnummer<\/h4><div class=\"et_pb_blurb_description\"><p><a href=\"tel:06309941166\"><span>06309941166<\/span><\/a><\/p>\n<\/div><\/div><\/div><\/div><\/div><div class=\"et_pb_column_17 et_pb_column et_flex_column et_pb_css_mix_blend_mode_passthrough et_flex_column_12_24 et_flex_column_12_24_tablet et_flex_column_24_24_phone\"><div class=\"et_pb_blurb_1 et_pb_blurb et_pb_bg_layout_dark et_pb_text_align_center et_pb_blurb_position_top et_pb_module et_block_module\"><div class=\"et_pb_blurb_content\"><div class=\"et_pb_main_blurb_image\"><span class=\"et_pb_image_wrap\"><span class=\"et-pb-icon et-waypoint et_pb_animation_off et_pb_animation_off_tablet et_pb_animation_off_phone\">\ue01d<\/span><\/span><\/div><div class=\"et_pb_blurb_container\"><h4 class=\"et_pb_module_header\">Adresse<\/h4><div class=\"et_pb_blurb_description\"><p>Sopron, \u00c1gfalvi \u00fat 2\/a<\/p>\n<\/div><\/div><\/div><\/div><\/div><div class=\"et_pb_column_18 et_pb_column et-last-child et_flex_column et_pb_css_mix_blend_mode_passthrough et_flex_column_12_24 et_flex_column_12_24_tablet et_flex_column_24_24_phone\"><div class=\"et_pb_blurb_2 et_pb_blurb et_pb_bg_layout_dark et_pb_text_align_center et_pb_blurb_position_top et_pb_module et_block_module\"><div class=\"et_pb_blurb_content\"><div class=\"et_pb_main_blurb_image\"><span class=\"et_pb_image_wrap\"><span class=\"et-pb-icon et-waypoint et_pb_animation_off et_pb_animation_off_tablet et_pb_animation_off_phone\">\ue010<\/span><\/span><\/div><div class=\"et_pb_blurb_container\"><h4 class=\"et_pb_module_header\">Email<\/h4><div class=\"et_pb_blurb_description\"><p><a target=\"_blank\" href=\"mailto:info@dent.hu\" rel=\"noopener\">info@dent.hu<\/a><\/p>\n<\/div><\/div><\/div><\/div><\/div><\/div><\/div>\r\n\r\n<div class=\"et_pb_section_3 et_pb_section et_section_regular et_flex_section\"><div class=\"et_pb_row_12 et_pb_row et_flex_row\"><div class=\"et_pb_column_19 et_pb_column et-last-child et_flex_column et_pb_css_mix_blend_mode_passthrough et_flex_column_24_24 et_flex_column_24_24_tablet et_flex_column_24_24_phone\"><div class=\"et_pb_text_6 et_pb_text et_pb_bg_layout_light et_pb_module et_block_module\"><div class=\"et_pb_text_inner\"><h2>Bitte nehmen Sie Kontakt mit uns auf.<\/h2>\n<\/div><\/div><\/div><\/div><div class=\"et_pb_row_13 et_pb_row et_flex_row\"><div class=\"et_pb_column_20 et_pb_column et-last-child et_flex_column et_pb_css_mix_blend_mode_passthrough et_flex_column_24_24 et_flex_column_24_24_tablet et_flex_column_24_24_phone\"><div class=\"et_pb_row_14 et_pb_row et_pb_row_nested et_flex_row et_animated\"><div class=\"et_pb_column_21 et_pb_column et_flex_column et_pb_css_mix_blend_mode_passthrough et_flex_column_16_24 et_flex_column_16_24_tablet et_flex_column_24_24_phone\"><div class=\"et_pb_contact_form_0 et_pb_contact_form_container clearfix et_pb_recaptcha_enabled et_pb_module et_flex_module\" data-form_unique_num=\"0\" data-form_unique_id=\"6a626b2f-cba4-4876-9f14-5c9e900cbc3d\" id=\"et_pb_contact_form_0\"><div class=\"et-pb-contact-message\"><\/div><div class=\"et_pb_contact\"><form class=\"et_pb_contact_form et_flex_module\" method=\"post\" action=\"https:\/\/dent.hu\/de\/wp-json\/wp\/v2\/pages\/100523\"><div class=\"et_pb_contact_field_0 et_pb_contact_field et_pb_module et_flex_module et_flex_column_24_24 et_flex_column_24_24_tablet et_flex_column_24_24_phone\" data-id=\"name\" data-type=\"input\"><label class=\"et_pb_contact_form_label\" for=\"et_pb_contact_0_name_0\">Name<\/label><input type=\"text\" name=\"et_pb_contact_0_name_0\" id=\"et_pb_contact_0_name_0\" class=\"input\" data-required_mark=\"required\" data-field_type=\"input\" data-original_id=\"name\" placeholder=\"Name\" title=\"\" value=\"\" \/><\/div><div class=\"et_pb_contact_field_1 et_pb_contact_field et_pb_module et_flex_module et_flex_column_24_24 et_flex_column_24_24_tablet et_flex_column_24_24_phone\" data-id=\"phone\" data-type=\"input\"><label class=\"et_pb_contact_form_label\" for=\"et_pb_contact_0_phone_1\">Telefonnummer<\/label><input type=\"text\" name=\"et_pb_contact_0_phone_1\" id=\"et_pb_contact_0_phone_1\" class=\"input\" data-required_mark=\"required\" data-field_type=\"input\" data-original_id=\"phone\" placeholder=\"Telefonnummer\" title=\"\" value=\"\" \/><\/div><div class=\"et_pb_contact_field_2 et_pb_contact_field et_pb_module et_flex_module et_flex_column_24_24 et_flex_column_24_24_tablet et_flex_column_24_24_phone\" data-id=\"email\" data-type=\"email\"><label class=\"et_pb_contact_form_label\" for=\"et_pb_contact_0_email_2\">E-Mail Adresse<\/label><input type=\"text\" name=\"et_pb_contact_0_email_2\" id=\"et_pb_contact_0_email_2\" class=\"input\" data-required_mark=\"required\" data-field_type=\"email\" data-original_id=\"email\" placeholder=\"E-Mail Adresse\" title=\"\" value=\"\" \/><\/div><div class=\"et_pb_contact_field_3 et_pb_contact_field et_pb_module et_flex_module et_flex_column_24_24 et_flex_column_24_24_tablet et_flex_column_24_24_phone\" data-id=\"message\" data-type=\"text\"><label class=\"et_pb_contact_form_label\" for=\"et_pb_contact_0_message_3\">Nachricht<\/label><textarea name=\"et_pb_contact_0_message_3\" id=\"et_pb_contact_0_message_3\" class=\"et_pb_contact_message input\" data-required_mark=\"required\" data-field_type=\"text\" data-original_id=\"message\" placeholder=\"Nachricht\"><\/textarea><\/div><input type=\"hidden\" name=\"et_pb_contactform_submit_6a626b2f-cba4-4876-9f14-5c9e900cbc3d\" value=\"et_contact_proccess\" \/><div class=\"et_contact_bottom_container\"><div class=\"et_pb_button_wrapper\"><button type=\"submit\" name=\"et_builder_submit_button\" class=\"et_pb_button et_pb_contact_submit\">Senden<\/button><\/div><\/div><input type=\"hidden\" id=\"_wpnonce-et-pb-contact-form-submitted-6a626b2f-cba4-4876-9f14-5c9e900cbc3d\" name=\"_wpnonce-et-pb-contact-form-submitted-6a626b2f-cba4-4876-9f14-5c9e900cbc3d\" value=\"3cdde75800\" \/><input type=\"hidden\" name=\"_wp_http_referer\" value=\"\/de\/wp-json\/wp\/v2\/pages\/100523\" \/><\/form><\/div><\/div><\/div><div class=\"et_pb_column_22 et_pb_column et-last-child et_flex_column et_pb_css_mix_blend_mode_passthrough et_flex_column_8_24 et_flex_column_8_24_tablet et_flex_column_24_24_phone\"><div class=\"et_pb_blurb_3 et_pb_blurb et_pb_bg_layout_dark et_pb_blurb_position_left et_pb_module et_block_module\"><div class=\"et_pb_blurb_content\"><div class=\"et_pb_main_blurb_image\"><span class=\"et_pb_image_wrap\"><span class=\"et-pb-icon et-waypoint et_pb_animation_off et_pb_animation_off_tablet et_pb_animation_off_phone\">\uf073<\/span><\/span><\/div><div class=\"et_pb_blurb_container\"><h4 class=\"et_pb_module_header\">\u00d6ffnungszeiten:<\/h4><div class=\"et_pb_blurb_description\"><p>Montag: 9.00 - 18.00<br \/>Dienstag: 9.00 - 18.00<br \/>Mittwoch: 9.00 - 18.00<br \/>Donnerstag: 9.00 - 18.00<br \/>Freitag: 9.00 - 18.00<br \/>Samstag: nach Vereinbarung<\/p>\n<\/div><\/div><\/div><\/div><\/div><\/div><\/div><\/div><\/div>","protected":false},"excerpt":{"rendered":"","protected":false},"author":1,"featured_media":0,"parent":0,"menu_order":0,"comment_status":"closed","ping_status":"closed","template":"","meta":{"_acf_changed":false,"footnotes":""},"class_list":["post-100523","page","type-page","status-publish","hentry"],"acf":[],"_links":{"self":[{"href":"https:\/\/dent.hu\/de\/wp-json\/wp\/v2\/pages\/100523","targetHints":{"allow":["GET"]}}],"collection":[{"href":"https:\/\/dent.hu\/de\/wp-json\/wp\/v2\/pages"}],"about":[{"href":"https:\/\/dent.hu\/de\/wp-json\/wp\/v2\/types\/page"}],"author":[{"embeddable":true,"href":"https:\/\/dent.hu\/de\/wp-json\/wp\/v2\/users\/1"}],"replies":[{"embeddable":true,"href":"https:\/\/dent.hu\/de\/wp-json\/wp\/v2\/comments?post=100523"}],"version-history":[{"count":5,"href":"https:\/\/dent.hu\/de\/wp-json\/wp\/v2\/pages\/100523\/revisions"}],"predecessor-version":[{"id":100532,"href":"https:\/\/dent.hu\/de\/wp-json\/wp\/v2\/pages\/100523\/revisions\/100532"}],"wp:attachment":[{"href":"https:\/\/dent.hu\/de\/wp-json\/wp\/v2\/media?parent=100523"}],"curies":[{"name":"wp","href":"https:\/\/api.w.org\/{rel}","templated":true}]}}